{"id":23,"date":"2017-09-11T05:52:43","date_gmt":"2017-09-11T03:52:43","guid":{"rendered":"http:\/\/mk.mkskynsperk.cz\/wordpress\/?page_id=23"},"modified":"2022-11-09T21:06:28","modified_gmt":"2022-11-09T20:06:28","slug":"kontakt","status":"publish","type":"page","link":"http:\/\/mk.mkskynsperk.cz\/wordpress\/kontakt\/","title":{"rendered":"Kontakt"},"content":{"rendered":"<p><strong>M\u011bstsk\u00e1 knihovna Kyn\u0161perk nad Oh\u0159\u00ed<\/strong><br \/>\nChebsk\u00e1 386<br \/>\nTel.: 352 683 278, 725 952 001<\/p>\n<p>P\u016fj\u010dovn\u00ed doba pro d\u011bti i dosp\u011bl\u00e9:<br \/>\nPond\u011bl\u00ed:\u00a0 \u00a0 \u00a0 8.00 \u2013 12.00\u00a0 \u00a0 \u00a0 \u00a0 \u00a012.30 \u2013 17.00<br \/>\n\u00dater\u00fd:\u00a0 \u00a0 \u00a0 \u00a0 \u00a0 zav\u0159eno\u00a0 \u00a0 \u00a0 \u00a0 \u00a0 \u00a0 \u00a0 \u00a0 12.30 \u2013 15.00<br \/>\nSt\u0159eda:\u00a0 \u00a0 \u00a0 \u00a0 8.00 \u2013 12.00\u00a0 \u00a0 \u00a0 \u00a0 \u00a012.30 \u2013 15.00<br \/>\n\u010ctvrtek:\u00a0 \u00a0 \u00a0 \u00a08.00 \u2013 12.00\u00a0 \u00a0 \u00a0 \u00a0 \u00a012.30 \u2013 17.00<br \/>\nP\u00e1tek:\u00a0 \u00a0 \u00a0 \u00a0 \u00a0 8.00 \u2013 12.00\u00a0 \u00a0 \u00a0 \u00a0 \u00a012.30 \u2013 14.30<br \/>\ne-mail: <a href=\"mailto:knihovna@mkskynsperk.cz\">knihovna@mkskynsperk.cz<\/a><\/p>\n<p><a href=\"http:\/\/www.kynsperk.knihovna.info\" target=\"_blank\" rel=\"noopener noreferrer\">www.kynsperk.knihovna.info<\/a><\/p>\n<p><strong>Vedouc\u00ed knihovny:\u00a0 <\/strong>Helena Vel\u00ed\u0161kov\u00e1<br \/>\n<strong>Knihovnice:<\/strong>\u00a0 \u00a0 \u00a0 \u00a0 \u00a0 \u00a0 \u00a0 \u00a0Pavl\u00edna Ko\u010d\u00e1rkov\u00e1<\/p>\n<div id=\"wpgmza_map\" class=\"wpgmza_map\" data-settings='{\"id\":\"1\",\"map_title\":\"MKS Knihovna\",\"map_width\":\"100\",\"map_height\":\"400\",\"map_start_lat\":\"50.115588\",\"map_start_lng\":\"12.530373\",\"map_start_location\":\"50.1155878,12.530372599999964\",\"map_start_zoom\":\"18\",\"default_marker\":\"0\",\"type\":\"1\",\"alignment\":\"2\",\"directions_enabled\":\"1\",\"styling_enabled\":\"0\",\"styling_json\":\"\",\"active\":\"0\",\"kml\":\"\",\"bicycle\":\"0\",\"traffic\":\"0\",\"dbox\":\"1\",\"dbox_width\":\"100\",\"listmarkers\":\"0\",\"listmarkers_advanced\":\"0\",\"filterbycat\":\"0\",\"ugm_enabled\":\"0\",\"ugm_category_enabled\":\"0\",\"fusion\":\"\",\"map_width_type\":\"%\",\"map_height_type\":\"px\",\"mass_marker_support\":\"1\",\"ugm_access\":\"0\",\"order_markers_by\":\"0\",\"order_markers_choice\":\"0\",\"show_user_location\":\"0\",\"default_to\":\"\",\"other_settings\":{\"store_locator_enabled\":false,\"store_locator_distance\":false,\"store_locator_default_radius\":\"10\",\"store_locator_not_found_message\":\"\",\"store_locator_bounce\":1,\"store_locator_query_string\":\"\",\"store_locator_default_address\":\"\",\"wpgmza_store_locator_restrict\":\"\",\"map_max_zoom\":\"1\",\"transport_layer\":false,\"wpgmza_theme_data\":\"[{\\\"featureType\\\": \\\"administrative\\\",\\\"elementType\\\": \\\"labels.text.fill\\\",\\\"stylers\\\": [{\\\"color\\\": \\\"#444444\\\"}]},{\\\"featureType\\\": \\\"landscape\\\",\\\"elementType\\\": \\\"all\\\",\\\"stylers\\\": [{\\\"color\\\": \\\"#f2f2f2\\\"}]},{\\\"featureType\\\": \\\"poi\\\",\\\"elementType\\\": \\\"all\\\",\\\"stylers\\\": [{\\\"visibility\\\": \\\"off\\\"}]},{\\\"featureType\\\": \\\"road\\\",\\\"elementType\\\": \\\"all\\\",\\\"stylers\\\": [{\\\"saturation\\\": -100},{\\\"lightness\\\": 45}]},{\\\"featureType\\\": \\\"road.highway\\\",\\\"elementType\\\": \\\"all\\\",\\\"stylers\\\": [{\\\"visibility\\\": \\\"simplified\\\"}]},{\\\"featureType\\\": \\\"road.arterial\\\",\\\"elementType\\\": \\\"labels.icon\\\",\\\"stylers\\\": [{\\\"visibility\\\": \\\"off\\\"}]},{\\\"featureType\\\": \\\"transit\\\",\\\"elementType\\\": \\\"all\\\",\\\"stylers\\\": [{\\\"visibility\\\": \\\"off\\\"}]},{\\\"featureType\\\": \\\"water\\\",\\\"elementType\\\": \\\"all\\\",\\\"stylers\\\": [{\\\"color\\\": \\\"#46bcec\\\"},{\\\"visibility\\\": \\\"on\\\"}]}]\",\"wpgmza_show_points_of_interest\":1,\"action\":\"wpgmza_save_map\",\"redirect_to\":\"\\\/wordpress\\\/wp-admin\\\/admin-post.php\",\"map_id\":\"1\",\"http_referer\":\"\\\/wordpress\\\/wp-admin\\\/admin.php?page=wp-google-maps-menu&amp;amp;action=edit&amp;amp;map_id=1\",\"wpgmza_id\":\"1\",\"wpgmza_start_location\":\"\",\"wpgmza_start_zoom\":\"4\",\"store_locator_search_area\":\"radial\",\"wpgmza_store_locator_radius_style\":\"legacy\",\"wpgmza_store_locator_default_radius\":\"10\",\"store_locator_auto_area_max_zoom\":\"\",\"wpgmza_store_locator_position\":false,\"store_locator_show_distance\":false,\"store_locator_category\":false,\"wpgmza_store_locator_use_their_location\":false,\"wpgmza_store_locator_bounce\":false,\"wpgmza_sl_animation\":null,\"wpgmza_store_locator_hide_before_search\":false,\"store_locator_name_search\":false,\"store_locator_name_string\":\"\",\"sl_stroke_color\":\"\",\"sl_stroke_opacity\":\"\",\"sl_fill_color\":\"\",\"sl_fill_opacity\":\"\",\"wpgmza_map_align\":\"1\",\"jump_to_nearest_marker_on_initialization\":false,\"automatically_pan_to_users_location\":false,\"override_users_location_zoom_level\":false,\"override_users_location_zoom_levels\":\"\",\"show_distance_from_location\":false,\"map_min_zoom\":\"0\",\"click_open_link\":false,\"fit_maps_bounds_to_markers\":false,\"fit_maps_bounds_to_markers_after_filtering\":false,\"hide_point_of_interest\":false,\"wpgmza_zoom_on_marker_click\":false,\"wpgmza_zoom_on_marker_click_slider\":\"\",\"close_infowindow_on_map_click\":false,\"disable_lightbox_images\":false,\"use_Raw_Jpeg_Coordinates\":false,\"polygon_labels\":false,\"disable_polygon_info_windows\":false,\"enable_marker_ratings\":false,\"only_load_markers_within_viewport\":false,\"iw_primary_color\":\"#000000\",\"iw_accent_color\":\"#000000\",\"iw_text_color\":\"#000000\",\"wpgmza_listmarkers_by\":\"0\",\"wpgmza_marker_listing_position\":false,\"wpgmza_push_in_map\":false,\"wpgmza_push_in_map_placement\":null,\"wpgmza_push_in_map_width\":\"\",\"wpgmza_push_in_map_height\":\"\",\"zoom_level_on_marker_listing_override\":false,\"zoom_level_on_marker_listing_click\":\"\",\"datatable_no_result_message\":\"\",\"remove_search_box_datables\":false,\"dataTable_pagination_style\":null,\"datatable_search_string\":\"\",\"datatable_result_start\":\"\",\"datatable_result_of\":\"\",\"datatable_result_to\":\"\",\"datatable_result_total\":\"\",\"datatable_result_show\":\"\",\"datatable_result_entries\":\"\",\"wpgmza_savemap\":\"Ulo\\u017eit mapu \\u00bb\",\"wpgmza_theme\":\"1\"}}' data-map-id='1' Data-maps-engine='' data-shortcode-attributes='{\"id\":\"1\"}' style=\"display:block; overflow:auto; width:100%; height:400px; float:left;\"><\/div>\n","protected":false},"excerpt":{"rendered":"<p>M\u011bstsk\u00e1 knihovna Kyn\u0161perk nad Oh\u0159\u00ed Chebsk\u00e1 386 Tel.: 352 683 278, 725 952 001 P\u016fj\u010dovn\u00ed doba pro d\u011bti i dosp\u011bl\u00e9: Pond\u011bl\u00ed:\u00a0 \u00a0 \u00a0 8.00 \u2013 12.00\u00a0 \u00a0 \u00a0 \u00a0 \u00a012.30 \u2013 17.00 \u00dater\u00fd:\u00a0 \u00a0 \u00a0 \u00a0 \u00a0 zav\u0159eno\u00a0 \u00a0 \u00a0 \u00a0 \u00a0 \u00a0 \u00a0 \u00a0 12.30 \u2013 15.00 St\u0159eda:\u00a0 \u00a0 \u2026<\/p>\n","protected":false},"author":1,"featured_media":0,"parent":0,"menu_order":4,"comment_status":"closed","ping_status":"closed","template":"","meta":{"footnotes":"","_links_to":"","_links_to_target":""},"class_list":["post-23","page","type-page","status-publish","hentry"],"yoast_head":"<!-- This site is optimized with the Yoast SEO plugin v17.8 - https:\/\/yoast.com\/wordpress\/plugins\/seo\/ -->\n<title>Kontakt - M\u011bstsk\u00e1 knihovna<\/title>\n<meta name=\"robots\" content=\"index, follow, max-snippet:-1, max-image-preview:large, max-video-preview:-1\" \/>\n<link rel=\"canonical\" href=\"http:\/\/mk.mkskynsperk.cz\/wordpress\/kontakt\/\" \/>\n<meta property=\"og:locale\" content=\"cs_CZ\" \/>\n<meta property=\"og:type\" content=\"article\" \/>\n<meta property=\"og:title\" content=\"Kontakt - M\u011bstsk\u00e1 knihovna\" \/>\n<meta property=\"og:description\" content=\"M\u011bstsk\u00e1 knihovna Kyn\u0161perk nad Oh\u0159\u00ed Chebsk\u00e1 386 Tel.: 352 683 278, 725 952 001 P\u016fj\u010dovn\u00ed doba pro d\u011bti i dosp\u011bl\u00e9: Pond\u011bl\u00ed:\u00a0 \u00a0 \u00a0 8.00 \u2013 12.00\u00a0 \u00a0 \u00a0 \u00a0 \u00a012.30 \u2013 17.00 \u00dater\u00fd:\u00a0 \u00a0 \u00a0 \u00a0 \u00a0 zav\u0159eno\u00a0 \u00a0 \u00a0 \u00a0 \u00a0 \u00a0 \u00a0 \u00a0 12.30 \u2013 15.00 St\u0159eda:\u00a0 \u00a0 \u2026\" \/>\n<meta property=\"og:url\" content=\"http:\/\/mk.mkskynsperk.cz\/wordpress\/kontakt\/\" \/>\n<meta property=\"og:site_name\" content=\"M\u011bstsk\u00e1 knihovna\" \/>\n<meta property=\"article:modified_time\" content=\"2022-11-09T20:06:28+00:00\" \/>\n<meta name=\"twitter:card\" content=\"summary\" \/>\n<meta name=\"twitter:label1\" content=\"Odhadovan\u00e1 doba \u010dten\u00ed\" \/>\n\t<meta name=\"twitter:data1\" content=\"1 minute\" \/>\n<script type=\"application\/ld+json\" class=\"yoast-schema-graph\">{\"@context\":\"https:\/\/schema.org\",\"@graph\":[{\"@type\":\"WebSite\",\"@id\":\"http:\/\/mk.mkskynsperk.cz\/wordpress\/#website\",\"url\":\"http:\/\/mk.mkskynsperk.cz\/wordpress\/\",\"name\":\"M\\u011bstsk\\u00e1 knihovna\",\"description\":\"Kyn\\u0161perk nad Oh\\u0159\\u00ed\",\"potentialAction\":[{\"@type\":\"SearchAction\",\"target\":{\"@type\":\"EntryPoint\",\"urlTemplate\":\"http:\/\/mk.mkskynsperk.cz\/wordpress\/?s={search_term_string}\"},\"query-input\":\"required name=search_term_string\"}],\"inLanguage\":\"cs-CZ\"},{\"@type\":\"WebPage\",\"@id\":\"http:\/\/mk.mkskynsperk.cz\/wordpress\/kontakt\/#webpage\",\"url\":\"http:\/\/mk.mkskynsperk.cz\/wordpress\/kontakt\/\",\"name\":\"Kontakt - M\\u011bstsk\\u00e1 knihovna\",\"isPartOf\":{\"@id\":\"http:\/\/mk.mkskynsperk.cz\/wordpress\/#website\"},\"datePublished\":\"2017-09-11T03:52:43+00:00\",\"dateModified\":\"2022-11-09T20:06:28+00:00\",\"breadcrumb\":{\"@id\":\"http:\/\/mk.mkskynsperk.cz\/wordpress\/kontakt\/#breadcrumb\"},\"inLanguage\":\"cs-CZ\",\"potentialAction\":[{\"@type\":\"ReadAction\",\"target\":[\"http:\/\/mk.mkskynsperk.cz\/wordpress\/kontakt\/\"]}]},{\"@type\":\"BreadcrumbList\",\"@id\":\"http:\/\/mk.mkskynsperk.cz\/wordpress\/kontakt\/#breadcrumb\",\"itemListElement\":[{\"@type\":\"ListItem\",\"position\":1,\"name\":\"Dom\\u016f\",\"item\":\"http:\/\/mk.mkskynsperk.cz\/wordpress\/\"},{\"@type\":\"ListItem\",\"position\":2,\"name\":\"Kontakt\"}]}]}<\/script>\n<!-- \/ Yoast SEO plugin. -->","yoast_head_json":{"title":"Kontakt - M\u011bstsk\u00e1 knihovna","robots":{"index":"index","follow":"follow","max-snippet":"max-snippet:-1","max-image-preview":"max-image-preview:large","max-video-preview":"max-video-preview:-1"},"canonical":"http:\/\/mk.mkskynsperk.cz\/wordpress\/kontakt\/","og_locale":"cs_CZ","og_type":"article","og_title":"Kontakt - M\u011bstsk\u00e1 knihovna","og_description":"M\u011bstsk\u00e1 knihovna Kyn\u0161perk nad Oh\u0159\u00ed Chebsk\u00e1 386 Tel.: 352 683 278, 725 952 001 P\u016fj\u010dovn\u00ed doba pro d\u011bti i dosp\u011bl\u00e9: Pond\u011bl\u00ed:\u00a0 \u00a0 \u00a0 8.00 \u2013 12.00\u00a0 \u00a0 \u00a0 \u00a0 \u00a012.30 \u2013 17.00 \u00dater\u00fd:\u00a0 \u00a0 \u00a0 \u00a0 \u00a0 zav\u0159eno\u00a0 \u00a0 \u00a0 \u00a0 \u00a0 \u00a0 \u00a0 \u00a0 12.30 \u2013 15.00 St\u0159eda:\u00a0 \u00a0 \u2026","og_url":"http:\/\/mk.mkskynsperk.cz\/wordpress\/kontakt\/","og_site_name":"M\u011bstsk\u00e1 knihovna","article_modified_time":"2022-11-09T20:06:28+00:00","twitter_card":"summary","twitter_misc":{"Odhadovan\u00e1 doba \u010dten\u00ed":"1 minute"},"schema":{"@context":"https:\/\/schema.org","@graph":[{"@type":"WebSite","@id":"http:\/\/mk.mkskynsperk.cz\/wordpress\/#website","url":"http:\/\/mk.mkskynsperk.cz\/wordpress\/","name":"M\u011bstsk\u00e1 knihovna","description":"Kyn\u0161perk nad Oh\u0159\u00ed","potentialAction":[{"@type":"SearchAction","target":{"@type":"EntryPoint","urlTemplate":"http:\/\/mk.mkskynsperk.cz\/wordpress\/?s={search_term_string}"},"query-input":"required name=search_term_string"}],"inLanguage":"cs-CZ"},{"@type":"WebPage","@id":"http:\/\/mk.mkskynsperk.cz\/wordpress\/kontakt\/#webpage","url":"http:\/\/mk.mkskynsperk.cz\/wordpress\/kontakt\/","name":"Kontakt - M\u011bstsk\u00e1 knihovna","isPartOf":{"@id":"http:\/\/mk.mkskynsperk.cz\/wordpress\/#website"},"datePublished":"2017-09-11T03:52:43+00:00","dateModified":"2022-11-09T20:06:28+00:00","breadcrumb":{"@id":"http:\/\/mk.mkskynsperk.cz\/wordpress\/kontakt\/#breadcrumb"},"inLanguage":"cs-CZ","potentialAction":[{"@type":"ReadAction","target":["http:\/\/mk.mkskynsperk.cz\/wordpress\/kontakt\/"]}]},{"@type":"BreadcrumbList","@id":"http:\/\/mk.mkskynsperk.cz\/wordpress\/kontakt\/#breadcrumb","itemListElement":[{"@type":"ListItem","position":1,"name":"Dom\u016f","item":"http:\/\/mk.mkskynsperk.cz\/wordpress\/"},{"@type":"ListItem","position":2,"name":"Kontakt"}]}]}},"_links":{"self":[{"href":"http:\/\/mk.mkskynsperk.cz\/wordpress\/wp-json\/wp\/v2\/pages\/23","targetHints":{"allow":["GET"]}}],"collection":[{"href":"http:\/\/mk.mkskynsperk.cz\/wordpress\/wp-json\/wp\/v2\/pages"}],"about":[{"href":"http:\/\/mk.mkskynsperk.cz\/wordpress\/wp-json\/wp\/v2\/types\/page"}],"author":[{"embeddable":true,"href":"http:\/\/mk.mkskynsperk.cz\/wordpress\/wp-json\/wp\/v2\/users\/1"}],"replies":[{"embeddable":true,"href":"http:\/\/mk.mkskynsperk.cz\/wordpress\/wp-json\/wp\/v2\/comments?post=23"}],"version-history":[{"count":24,"href":"http:\/\/mk.mkskynsperk.cz\/wordpress\/wp-json\/wp\/v2\/pages\/23\/revisions"}],"predecessor-version":[{"id":1054,"href":"http:\/\/mk.mkskynsperk.cz\/wordpress\/wp-json\/wp\/v2\/pages\/23\/revisions\/1054"}],"wp:attachment":[{"href":"http:\/\/mk.mkskynsperk.cz\/wordpress\/wp-json\/wp\/v2\/media?parent=23"}],"curies":[{"name":"wp","href":"https:\/\/api.w.org\/{rel}","templated":true}]}}