{"id":2,"date":"2017-09-10T17:51:01","date_gmt":"2017-09-10T15:51:01","guid":{"rendered":"http:\/\/192.168.123.10\/wordpress\/?page_id=2"},"modified":"2022-11-09T20:49:21","modified_gmt":"2022-11-09T19:49:21","slug":"zkusebni-stranka","status":"publish","type":"page","link":"http:\/\/mk.mkskynsperk.cz\/wordpress\/zkusebni-stranka\/","title":{"rendered":"O n\u00e1s"},"content":{"rendered":"<h2><span style=\"color: #000000;\"><strong>O n\u00e1s<\/strong><\/span><\/h2>\n<p>M\u011bstsk\u00e1 knihovna Kyn\u0161perk nad Oh\u0159\u00ed je ve\u0159ejnou knihovnou, kter\u00e1 poskytuje slu\u017eby pro v\u0161echny bez rozd\u00edlu. Hlavn\u00edm p\u0159edm\u011btem \u010dinnosti je poskytov\u00e1n\u00ed ve\u0159ejn\u00fdch knihovn\u00edch a informa\u010dn\u00edch slu\u017eeb. Sou\u010d\u00e1st\u00ed hlavn\u00ed \u010dinnosti m\u011bstsk\u00e9 knihovny jsou tak\u00e9 kulturn\u00ed a vzd\u011bl\u00e1vac\u00ed akce.<\/p>\n<p>Prvn\u00ed z\u00e1znam v p\u0159\u00edr\u016fstkov\u00e9m seznamu knih m\u011bstsk\u00e9 knihovny je ze dne 8. 9. 1945. D\u00e1 se tedy p\u0159edpokl\u00e1dat, \u017ee se \u010desk\u00e1 knihovna v\u00a0tomto d\u0159\u00edve (p\u0159ed druhou sv\u011btovou v\u00e1lkou) t\u00e9m\u011b\u0159 v\u00fdhradn\u011b n\u011bmeck\u00e9m m\u011bste\u010dku za\u010dala tvo\u0159it hned po osvobozen\u00ed. Kni\u017en\u00ed p\u0159\u00edr\u016fstky tvo\u0159il n\u00e1kup, ale i dary od ob\u010dan\u016f.<\/p>\n<p>Kyn\u0161persk\u00e1 knihovna se za sv\u00e9ho\u00a0v\u00edce ne\u017e sedmdes\u00e1tilet\u00e9ho trv\u00e1n\u00ed nejm\u00e9n\u011b \u00a0\u00a0\u00a0\u00a05x st\u011bhovala. V sou\u010dasn\u00e9 dob\u011b (od z\u00e1\u0159\u00ed roku 1991) vyu\u017e\u00edv\u00e1 prvn\u00ed patro\u00a0budovy b\u00fdval\u00fdch m\u011bstsk\u00fdch jesl\u00ed.<\/p>\n<p>Knihovnu tvo\u0159\u00ed\u00a0odd\u011blen\u00ed pro dosp\u011bl\u00e9 \u010dten\u00e1\u0159e, odd\u011blen\u00ed pro d\u011bti a \u010d\u00edt\u00e1rnu.<\/p>\n<p>Krom\u011b v\u00fdp\u016fj\u010dn\u00ed \u010dinnosti, kter\u00e1 je samoz\u0159ejm\u011b nejpodstatn\u011bj\u0161\u00edm \u00fakolem, spolupracuje knihovna s\u00a0M\u0160 a Z\u0160. Pro jednotliv\u00e9 t\u0159\u00eddy p\u0159ipravuje besedy, sout\u011b\u017ee, \u010di sezn\u00e1men\u00ed s jednotliv\u00fdmi spisovateli a jejich d\u00edly. D\u011bt\u0161t\u00ed \u010dten\u00e1\u0159i knihovny se pravideln\u011b ka\u017ed\u00fd m\u011bs\u00edc do\u010dkaj\u00ed zaj\u00edmav\u00e9ho programu, kde si \u010dteme, h\u00e1d\u00e1me h\u00e1danky, pln\u00edme \u00fakoly a p\u0159itom si n\u011bco p\u011bkn\u00e9ho vytvo\u0159\u00edme. Obl\u00edben\u00fdmi se staly, B\u0159ezen m\u011bs\u00edc \u010dten\u00e1\u0159\u016f, Noc s\u00a0Andersenem, Pasov\u00e1n\u00ed prv\u0148\u00e1\u010dk\u016f na \u010dten\u00e1\u0159e, akce po\u0159\u00e1dan\u00e9 k T\u00fddnu knihoven, Den pro d\u011btskou knihu.<\/p>\n","protected":false},"excerpt":{"rendered":"<p>O n\u00e1s M\u011bstsk\u00e1 knihovna Kyn\u0161perk nad Oh\u0159\u00ed je ve\u0159ejnou knihovnou, kter\u00e1 poskytuje slu\u017eby pro v\u0161echny bez rozd\u00edlu. Hlavn\u00edm p\u0159edm\u011btem \u010dinnosti je poskytov\u00e1n\u00ed ve\u0159ejn\u00fdch knihovn\u00edch a informa\u010dn\u00edch slu\u017eeb. Sou\u010d\u00e1st\u00ed hlavn\u00ed \u010dinnosti m\u011bstsk\u00e9 knihovny jsou tak\u00e9 kulturn\u00ed a vzd\u011bl\u00e1vac\u00ed akce. Prvn\u00ed z\u00e1znam v p\u0159\u00edr\u016fstkov\u00e9m seznamu knih m\u011bstsk\u00e9 knihovny je ze dne 8. \u2026<\/p>\n","protected":false},"author":1,"featured_media":0,"parent":0,"menu_order":5,"comment_status":"closed","ping_status":"open","template":"","meta":{"footnotes":"","_links_to":"","_links_to_target":""},"class_list":["post-2","page","type-page","status-publish","hentry"],"yoast_head":"<!-- This site is optimized with the Yoast SEO plugin v17.8 - https:\/\/yoast.com\/wordpress\/plugins\/seo\/ -->\n<title>O n\u00e1s - M\u011bstsk\u00e1 knihovna<\/title>\n<meta name=\"robots\" content=\"index, follow, max-snippet:-1, max-image-preview:large, max-video-preview:-1\" \/>\n<link rel=\"canonical\" href=\"http:\/\/mk.mkskynsperk.cz\/wordpress\/zkusebni-stranka\/\" \/>\n<meta property=\"og:locale\" content=\"cs_CZ\" \/>\n<meta property=\"og:type\" content=\"article\" \/>\n<meta property=\"og:title\" content=\"O n\u00e1s - M\u011bstsk\u00e1 knihovna\" \/>\n<meta property=\"og:description\" content=\"O n\u00e1s M\u011bstsk\u00e1 knihovna Kyn\u0161perk nad Oh\u0159\u00ed je ve\u0159ejnou knihovnou, kter\u00e1 poskytuje slu\u017eby pro v\u0161echny bez rozd\u00edlu. Hlavn\u00edm p\u0159edm\u011btem \u010dinnosti je poskytov\u00e1n\u00ed ve\u0159ejn\u00fdch knihovn\u00edch a informa\u010dn\u00edch slu\u017eeb. Sou\u010d\u00e1st\u00ed hlavn\u00ed \u010dinnosti m\u011bstsk\u00e9 knihovny jsou tak\u00e9 kulturn\u00ed a vzd\u011bl\u00e1vac\u00ed akce. Prvn\u00ed z\u00e1znam v p\u0159\u00edr\u016fstkov\u00e9m seznamu knih m\u011bstsk\u00e9 knihovny je ze dne 8. \u2026\" \/>\n<meta property=\"og:url\" content=\"http:\/\/mk.mkskynsperk.cz\/wordpress\/zkusebni-stranka\/\" \/>\n<meta property=\"og:site_name\" content=\"M\u011bstsk\u00e1 knihovna\" \/>\n<meta property=\"article:modified_time\" content=\"2022-11-09T19:49:21+00:00\" \/>\n<meta name=\"twitter:card\" content=\"summary\" \/>\n<meta name=\"twitter:label1\" content=\"Odhadovan\u00e1 doba \u010dten\u00ed\" \/>\n\t<meta name=\"twitter:data1\" content=\"2 minutes\" \/>\n<script type=\"application\/ld+json\" class=\"yoast-schema-graph\">{\"@context\":\"https:\/\/schema.org\",\"@graph\":[{\"@type\":\"WebSite\",\"@id\":\"http:\/\/mk.mkskynsperk.cz\/wordpress\/#website\",\"url\":\"http:\/\/mk.mkskynsperk.cz\/wordpress\/\",\"name\":\"M\\u011bstsk\\u00e1 knihovna\",\"description\":\"Kyn\\u0161perk nad Oh\\u0159\\u00ed\",\"potentialAction\":[{\"@type\":\"SearchAction\",\"target\":{\"@type\":\"EntryPoint\",\"urlTemplate\":\"http:\/\/mk.mkskynsperk.cz\/wordpress\/?s={search_term_string}\"},\"query-input\":\"required name=search_term_string\"}],\"inLanguage\":\"cs-CZ\"},{\"@type\":\"WebPage\",\"@id\":\"http:\/\/mk.mkskynsperk.cz\/wordpress\/zkusebni-stranka\/#webpage\",\"url\":\"http:\/\/mk.mkskynsperk.cz\/wordpress\/zkusebni-stranka\/\",\"name\":\"O n\\u00e1s - M\\u011bstsk\\u00e1 knihovna\",\"isPartOf\":{\"@id\":\"http:\/\/mk.mkskynsperk.cz\/wordpress\/#website\"},\"datePublished\":\"2017-09-10T15:51:01+00:00\",\"dateModified\":\"2022-11-09T19:49:21+00:00\",\"breadcrumb\":{\"@id\":\"http:\/\/mk.mkskynsperk.cz\/wordpress\/zkusebni-stranka\/#breadcrumb\"},\"inLanguage\":\"cs-CZ\",\"potentialAction\":[{\"@type\":\"ReadAction\",\"target\":[\"http:\/\/mk.mkskynsperk.cz\/wordpress\/zkusebni-stranka\/\"]}]},{\"@type\":\"BreadcrumbList\",\"@id\":\"http:\/\/mk.mkskynsperk.cz\/wordpress\/zkusebni-stranka\/#breadcrumb\",\"itemListElement\":[{\"@type\":\"ListItem\",\"position\":1,\"name\":\"Dom\\u016f\",\"item\":\"http:\/\/mk.mkskynsperk.cz\/wordpress\/\"},{\"@type\":\"ListItem\",\"position\":2,\"name\":\"O n\\u00e1s\"}]}]}<\/script>\n<!-- \/ Yoast SEO plugin. -->","yoast_head_json":{"title":"O n\u00e1s - M\u011bstsk\u00e1 knihovna","robots":{"index":"index","follow":"follow","max-snippet":"max-snippet:-1","max-image-preview":"max-image-preview:large","max-video-preview":"max-video-preview:-1"},"canonical":"http:\/\/mk.mkskynsperk.cz\/wordpress\/zkusebni-stranka\/","og_locale":"cs_CZ","og_type":"article","og_title":"O n\u00e1s - M\u011bstsk\u00e1 knihovna","og_description":"O n\u00e1s M\u011bstsk\u00e1 knihovna Kyn\u0161perk nad Oh\u0159\u00ed je ve\u0159ejnou knihovnou, kter\u00e1 poskytuje slu\u017eby pro v\u0161echny bez rozd\u00edlu. Hlavn\u00edm p\u0159edm\u011btem \u010dinnosti je poskytov\u00e1n\u00ed ve\u0159ejn\u00fdch knihovn\u00edch a informa\u010dn\u00edch slu\u017eeb. Sou\u010d\u00e1st\u00ed hlavn\u00ed \u010dinnosti m\u011bstsk\u00e9 knihovny jsou tak\u00e9 kulturn\u00ed a vzd\u011bl\u00e1vac\u00ed akce. Prvn\u00ed z\u00e1znam v p\u0159\u00edr\u016fstkov\u00e9m seznamu knih m\u011bstsk\u00e9 knihovny je ze dne 8. \u2026","og_url":"http:\/\/mk.mkskynsperk.cz\/wordpress\/zkusebni-stranka\/","og_site_name":"M\u011bstsk\u00e1 knihovna","article_modified_time":"2022-11-09T19:49:21+00:00","twitter_card":"summary","twitter_misc":{"Odhadovan\u00e1 doba \u010dten\u00ed":"2 minutes"},"schema":{"@context":"https:\/\/schema.org","@graph":[{"@type":"WebSite","@id":"http:\/\/mk.mkskynsperk.cz\/wordpress\/#website","url":"http:\/\/mk.mkskynsperk.cz\/wordpress\/","name":"M\u011bstsk\u00e1 knihovna","description":"Kyn\u0161perk nad Oh\u0159\u00ed","potentialAction":[{"@type":"SearchAction","target":{"@type":"EntryPoint","urlTemplate":"http:\/\/mk.mkskynsperk.cz\/wordpress\/?s={search_term_string}"},"query-input":"required name=search_term_string"}],"inLanguage":"cs-CZ"},{"@type":"WebPage","@id":"http:\/\/mk.mkskynsperk.cz\/wordpress\/zkusebni-stranka\/#webpage","url":"http:\/\/mk.mkskynsperk.cz\/wordpress\/zkusebni-stranka\/","name":"O n\u00e1s - M\u011bstsk\u00e1 knihovna","isPartOf":{"@id":"http:\/\/mk.mkskynsperk.cz\/wordpress\/#website"},"datePublished":"2017-09-10T15:51:01+00:00","dateModified":"2022-11-09T19:49:21+00:00","breadcrumb":{"@id":"http:\/\/mk.mkskynsperk.cz\/wordpress\/zkusebni-stranka\/#breadcrumb"},"inLanguage":"cs-CZ","potentialAction":[{"@type":"ReadAction","target":["http:\/\/mk.mkskynsperk.cz\/wordpress\/zkusebni-stranka\/"]}]},{"@type":"BreadcrumbList","@id":"http:\/\/mk.mkskynsperk.cz\/wordpress\/zkusebni-stranka\/#breadcrumb","itemListElement":[{"@type":"ListItem","position":1,"name":"Dom\u016f","item":"http:\/\/mk.mkskynsperk.cz\/wordpress\/"},{"@type":"ListItem","position":2,"name":"O n\u00e1s"}]}]}},"_links":{"self":[{"href":"http:\/\/mk.mkskynsperk.cz\/wordpress\/wp-json\/wp\/v2\/pages\/2","targetHints":{"allow":["GET"]}}],"collection":[{"href":"http:\/\/mk.mkskynsperk.cz\/wordpress\/wp-json\/wp\/v2\/pages"}],"about":[{"href":"http:\/\/mk.mkskynsperk.cz\/wordpress\/wp-json\/wp\/v2\/types\/page"}],"author":[{"embeddable":true,"href":"http:\/\/mk.mkskynsperk.cz\/wordpress\/wp-json\/wp\/v2\/users\/1"}],"replies":[{"embeddable":true,"href":"http:\/\/mk.mkskynsperk.cz\/wordpress\/wp-json\/wp\/v2\/comments?post=2"}],"version-history":[{"count":4,"href":"http:\/\/mk.mkskynsperk.cz\/wordpress\/wp-json\/wp\/v2\/pages\/2\/revisions"}],"predecessor-version":[{"id":1042,"href":"http:\/\/mk.mkskynsperk.cz\/wordpress\/wp-json\/wp\/v2\/pages\/2\/revisions\/1042"}],"wp:attachment":[{"href":"http:\/\/mk.mkskynsperk.cz\/wordpress\/wp-json\/wp\/v2\/media?parent=2"}],"curies":[{"name":"wp","href":"https:\/\/api.w.org\/{rel}","templated":true}]}}